{"id":5915,"date":"2020-12-19T16:31:57","date_gmt":"2020-12-19T16:31:57","guid":{"rendered":"https:\/\/turismebaixebre.cat\/com-arribar\/"},"modified":"2021-03-24T15:55:01","modified_gmt":"2021-03-24T15:55:01","slug":"com-arribar","status":"publish","type":"page","link":"https:\/\/turismebaixebre.cat\/es\/com-arribar\/","title":{"rendered":"C\u00f3mo llegar"},"content":{"rendered":"<div id='full_slider_1'  class='avia-fullwidth-slider main_color avia-shadow   avia-builder-el-0  el_before_av_one_third  avia-builder-el-first   container_wrap sidebar_right'  >\n<style type=\"text\/css\" data-created_by=\"avia_inline_auto\" id=\"style-css-av-kijycxmu-8a28fefbd08904195e78fb48939b5519\">\n#top #wrap_all .avia-slideshow .av-slideshow-caption.av-kijycxmu-8a28fefbd08904195e78fb48939b5519__0 .avia-caption-title{\nfont-size:48px;\ncolor:#ffffff;\n}\n<\/style>\n<div  class='avia-slideshow av-kijycxmu-8a28fefbd08904195e78fb48939b5519 avia-slideshow-no scaling av_slideshow_full avia-slide-slider av-slideshow-ui av-control-default av-slideshow-manual av-loop-once av-loop-manual-endless av-default-height-applied   avia-slideshow-1' data-slideshow-options=\"{&quot;animation&quot;:&quot;slide&quot;,&quot;autoplay&quot;:false,&quot;loop_autoplay&quot;:&quot;once&quot;,&quot;interval&quot;:5,&quot;loop_manual&quot;:&quot;manual-endless&quot;,&quot;autoplay_stopper&quot;:false,&quot;noNavigation&quot;:false,&quot;bg_slider&quot;:false,&quot;keep_padding&quot;:false,&quot;hoverpause&quot;:false,&quot;show_slide_delay&quot;:0}\"  itemprop=\"image\" itemscope=\"itemscope\" itemtype=\"https:\/\/schema.org\/ImageObject\" ><ul class='avia-slideshow-inner ' style='padding-bottom: 16.684045881126%;'><li  class='avia-slideshow-slide av-kijycxmu-8a28fefbd08904195e78fb48939b5519__0  av-single-slide slide-1 slide-odd'><div data-rel='slideshow-1' class='avia-slide-wrap '   ><div class='av-slideshow-caption av-kijycxmu-8a28fefbd08904195e78fb48939b5519__0 caption_fullwidth caption_bottom'><div class=\"container caption_container\"><div class=\"slideshow_caption\"><div class=\"slideshow_inner_caption\"><div class=\"slideshow_align_caption\"><h1 class='avia-caption-title '  itemprop=\"name\" >C\u00d3MO LLEGAR<\/h1><\/div><\/div><\/div><\/div><\/div><img decoding=\"async\" fetchpriority=\"high\" class=\"wp-image-5916 avia-img-lazy-loading-not-5916\"  src=\"https:\/\/turismebaixebre.cat\/wp-content\/uploads\/2021\/01\/com-arribar.jpg\" width=\"1918\" height=\"320\" title='com-arribar' alt=''  itemprop=\"thumbnailUrl\" srcset=\"https:\/\/turismebaixebre.cat\/wp-content\/uploads\/2021\/01\/com-arribar.jpg 1918w, https:\/\/turismebaixebre.cat\/wp-content\/uploads\/2021\/01\/com-arribar-300x50.jpg 300w, https:\/\/turismebaixebre.cat\/wp-content\/uploads\/2021\/01\/com-arribar-1030x172.jpg 1030w, https:\/\/turismebaixebre.cat\/wp-content\/uploads\/2021\/01\/com-arribar-768x128.jpg 768w, https:\/\/turismebaixebre.cat\/wp-content\/uploads\/2021\/01\/com-arribar-1536x256.jpg 1536w, https:\/\/turismebaixebre.cat\/wp-content\/uploads\/2021\/01\/com-arribar-1500x250.jpg 1500w, https:\/\/turismebaixebre.cat\/wp-content\/uploads\/2021\/01\/com-arribar-705x118.jpg 705w\" sizes=\"(max-width: 1918px) 100vw, 1918px\" \/><\/div><\/li><\/ul><\/div><\/div><div id='after_full_slider_1'  class='main_color av_default_container_wrap container_wrap sidebar_right'  ><div class='container av-section-cont-open' ><div class='template-page content  av-content-small alpha units'><div class='post-entry post-entry-type-page post-entry-5915'><div class='entry-content-wrapper clearfix'>\n\n<style type=\"text\/css\" data-created_by=\"avia_inline_auto\" id=\"style-css-av-agpgnn-0596620e708b55389c9d9013dd0334e4\">\n.flex_column.av-agpgnn-0596620e708b55389c9d9013dd0334e4{\nborder-radius:0px 0px 0px 0px;\npadding:0px 0px 0px 0px;\n}\n<\/style>\n<div  class='flex_column av-agpgnn-0596620e708b55389c9d9013dd0334e4 av_one_third  avia-builder-el-1  el_after_av_slideshow_full  el_before_av_two_third  avia-builder-el-first  first flex_column_div av-zero-column-padding  '     ><style type=\"text\/css\" data-created_by=\"avia_inline_auto\" id=\"style-css-av-kivx0gk6-57d8c0b7d5804e765ed6470846a56b8e\">\n#top .av-special-heading.av-kivx0gk6-57d8c0b7d5804e765ed6470846a56b8e{\npadding-bottom:10px;\nfont-size:30px;\n}\nbody .av-special-heading.av-kivx0gk6-57d8c0b7d5804e765ed6470846a56b8e .av-special-heading-tag .heading-char{\nfont-size:25px;\n}\n#top #wrap_all .av-special-heading.av-kivx0gk6-57d8c0b7d5804e765ed6470846a56b8e .av-special-heading-tag{\nfont-size:30px;\n}\n.av-special-heading.av-kivx0gk6-57d8c0b7d5804e765ed6470846a56b8e .av-subheading{\nfont-size:15px;\n}\n\n@media only screen and (min-width: 480px) and (max-width: 767px){ \n#top #wrap_all .av-special-heading.av-kivx0gk6-57d8c0b7d5804e765ed6470846a56b8e .av-special-heading-tag{\nfont-size:0.8em;\n}\n}\n\n@media only screen and (max-width: 479px){ \n#top #wrap_all .av-special-heading.av-kivx0gk6-57d8c0b7d5804e765ed6470846a56b8e .av-special-heading-tag{\nfont-size:0.8em;\n}\n}\n<\/style>\n<div  class='av-special-heading av-kivx0gk6-57d8c0b7d5804e765ed6470846a56b8e av-special-heading-h2 blockquote modern-quote modern-right  avia-builder-el-2  avia-builder-el-no-sibling  av-inherit-size'><h2 class='av-special-heading-tag '  itemprop=\"headline\"  >Por carretera<\/h2><div class=\"special-heading-border\"><div class=\"special-heading-inner-border\"><\/div><\/div><\/div><\/div>\n<style type=\"text\/css\" data-created_by=\"avia_inline_auto\" id=\"style-css-av-8q5nub-088e9916fcc7aa3b0049a770ceefdc62\">\n.flex_column.av-8q5nub-088e9916fcc7aa3b0049a770ceefdc62{\nborder-radius:0px 0px 0px 0px;\npadding:0px 0px 0px 0px;\n}\n<\/style>\n<div  class='flex_column av-8q5nub-088e9916fcc7aa3b0049a770ceefdc62 av_two_third  avia-builder-el-3  el_after_av_one_third  el_before_av_hr  flex_column_div av-zero-column-padding  '     ><section  class='av_textblock_section av-kiushfcd-a72057d78033ea5d2d6610bd7ef307bc '   itemscope=\"itemscope\" itemtype=\"https:\/\/schema.org\/CreativeWork\" ><div class='avia_textblock'  itemprop=\"text\" ><p>El Baix Ebre es un territorio de cruce entre Catalu\u00f1a, Valencia y Arag\u00f3n.<\/p>\n<p>La zona costera est\u00e1 comunicada con la <a href=\"http:\/\/ca.wikipedia.org\/wiki\/Autopista_del_Mediterrani\">autopista del Mediterr\u00e1neo <strong>AP-7<\/strong><\/a>, <strong>A7<\/strong> y la <a href=\"http:\/\/es.wikipedia.org\/wiki\/N-340\">carretera <strong>N-340<\/strong><\/a>, que son el nexo entre Francia y el sur de la Pen\u00ednsula.<\/p>\n<p>Para facilitar los accesos entre Catalu\u00f1a, Arag\u00f3n y Francia a trav\u00e9s de la zona m\u00e1s monta\u00f1osa, encontramos la <strong>C-12<\/strong>. Para conectar la costa y la zona monta\u00f1osa, se utiliza la <strong>C-42<\/strong>.<\/p>\n<\/div><\/section><\/div><div  class='hr av-71pb81-449e0edd08888f7cded1dc2ae8af373c hr-default  avia-builder-el-5  el_after_av_two_third  el_before_av_one_third '><span class='hr-inner '><span class=\"hr-inner-style\"><\/span><\/span><\/div><\/p>\n\n<style type=\"text\/css\" data-created_by=\"avia_inline_auto\" id=\"style-css-av-agpgnn-0596620e708b55389c9d9013dd0334e4\">\n.flex_column.av-agpgnn-0596620e708b55389c9d9013dd0334e4{\nborder-radius:0px 0px 0px 0px;\npadding:0px 0px 0px 0px;\n}\n<\/style>\n<div  class='flex_column av-agpgnn-0596620e708b55389c9d9013dd0334e4 av_one_third  avia-builder-el-6  el_after_av_hr  el_before_av_two_third  first flex_column_div av-zero-column-padding  '     ><style type=\"text\/css\" data-created_by=\"avia_inline_auto\" id=\"style-css-av-kivx0gk6-78fc6adc315cd0e213a9c1cdda58a692\">\n#top .av-special-heading.av-kivx0gk6-78fc6adc315cd0e213a9c1cdda58a692{\npadding-bottom:10px;\nfont-size:30px;\n}\nbody .av-special-heading.av-kivx0gk6-78fc6adc315cd0e213a9c1cdda58a692 .av-special-heading-tag .heading-char{\nfont-size:25px;\n}\n#top #wrap_all .av-special-heading.av-kivx0gk6-78fc6adc315cd0e213a9c1cdda58a692 .av-special-heading-tag{\nfont-size:30px;\n}\n.av-special-heading.av-kivx0gk6-78fc6adc315cd0e213a9c1cdda58a692 .av-subheading{\nfont-size:15px;\n}\n\n@media only screen and (min-width: 480px) and (max-width: 767px){ \n#top #wrap_all .av-special-heading.av-kivx0gk6-78fc6adc315cd0e213a9c1cdda58a692 .av-special-heading-tag{\nfont-size:0.8em;\n}\n}\n\n@media only screen and (max-width: 479px){ \n#top #wrap_all .av-special-heading.av-kivx0gk6-78fc6adc315cd0e213a9c1cdda58a692 .av-special-heading-tag{\nfont-size:0.8em;\n}\n}\n<\/style>\n<div  class='av-special-heading av-kivx0gk6-78fc6adc315cd0e213a9c1cdda58a692 av-special-heading-h2 blockquote modern-quote modern-right  avia-builder-el-7  avia-builder-el-no-sibling  av-inherit-size'><h2 class='av-special-heading-tag '  itemprop=\"headline\"  >En avi\u00f3n<\/h2><div class=\"special-heading-border\"><div class=\"special-heading-inner-border\"><\/div><\/div><\/div><\/div>\n<style type=\"text\/css\" data-created_by=\"avia_inline_auto\" id=\"style-css-av-8q5nub-088e9916fcc7aa3b0049a770ceefdc62\">\n.flex_column.av-8q5nub-088e9916fcc7aa3b0049a770ceefdc62{\nborder-radius:0px 0px 0px 0px;\npadding:0px 0px 0px 0px;\n}\n<\/style>\n<div  class='flex_column av-8q5nub-088e9916fcc7aa3b0049a770ceefdc62 av_two_third  avia-builder-el-8  el_after_av_one_third  el_before_av_hr  flex_column_div av-zero-column-padding  '     ><section  class='av_textblock_section av-kiushfcd-a72057d78033ea5d2d6610bd7ef307bc '   itemscope=\"itemscope\" itemtype=\"https:\/\/schema.org\/CreativeWork\" ><div class='avia_textblock'  itemprop=\"text\" ><p>Aeropuertos m\u00e1s cercanos desde Tortosa:<\/p>\n<ul>\n<li><strong>Barcelona:<\/strong> 165 Km<\/li>\n<li><strong>Valencia:<\/strong> 180 Km<\/li>\n<li><strong>Zaragoza:<\/strong> 184 Km<\/li>\n<li><strong>Reus:<\/strong> 80 Km<\/li>\n<\/ul>\n<\/div><\/section><\/div><div  class='hr av-5ddght-d08fcdb758c5fe56feaa4298dd2001c5 hr-default  avia-builder-el-10  el_after_av_two_third  el_before_av_one_third '><span class='hr-inner '><span class=\"hr-inner-style\"><\/span><\/span><\/div><\/p>\n\n<style type=\"text\/css\" data-created_by=\"avia_inline_auto\" id=\"style-css-av-agpgnn-0596620e708b55389c9d9013dd0334e4\">\n.flex_column.av-agpgnn-0596620e708b55389c9d9013dd0334e4{\nborder-radius:0px 0px 0px 0px;\npadding:0px 0px 0px 0px;\n}\n<\/style>\n<div  class='flex_column av-agpgnn-0596620e708b55389c9d9013dd0334e4 av_one_third  avia-builder-el-11  el_after_av_hr  el_before_av_two_third  first flex_column_div av-zero-column-padding  '     ><style type=\"text\/css\" data-created_by=\"avia_inline_auto\" id=\"style-css-av-kivx0gk6-355320f26a6cd7d59aff6f531bdd9597\">\n#top .av-special-heading.av-kivx0gk6-355320f26a6cd7d59aff6f531bdd9597{\npadding-bottom:10px;\nfont-size:30px;\n}\nbody .av-special-heading.av-kivx0gk6-355320f26a6cd7d59aff6f531bdd9597 .av-special-heading-tag .heading-char{\nfont-size:25px;\n}\n#top #wrap_all .av-special-heading.av-kivx0gk6-355320f26a6cd7d59aff6f531bdd9597 .av-special-heading-tag{\nfont-size:30px;\n}\n.av-special-heading.av-kivx0gk6-355320f26a6cd7d59aff6f531bdd9597 .av-subheading{\nfont-size:15px;\n}\n\n@media only screen and (min-width: 480px) and (max-width: 767px){ \n#top #wrap_all .av-special-heading.av-kivx0gk6-355320f26a6cd7d59aff6f531bdd9597 .av-special-heading-tag{\nfont-size:0.8em;\n}\n}\n\n@media only screen and (max-width: 479px){ \n#top #wrap_all .av-special-heading.av-kivx0gk6-355320f26a6cd7d59aff6f531bdd9597 .av-special-heading-tag{\nfont-size:0.8em;\n}\n}\n<\/style>\n<div  class='av-special-heading av-kivx0gk6-355320f26a6cd7d59aff6f531bdd9597 av-special-heading-h2 blockquote modern-quote modern-right  avia-builder-el-12  avia-builder-el-no-sibling  av-inherit-size'><h2 class='av-special-heading-tag '  itemprop=\"headline\"  >En tren<\/h2><div class=\"special-heading-border\"><div class=\"special-heading-inner-border\"><\/div><\/div><\/div><\/div>\n\n<style type=\"text\/css\" data-created_by=\"avia_inline_auto\" id=\"style-css-av-8q5nub-088e9916fcc7aa3b0049a770ceefdc62\">\n.flex_column.av-8q5nub-088e9916fcc7aa3b0049a770ceefdc62{\nborder-radius:0px 0px 0px 0px;\npadding:0px 0px 0px 0px;\n}\n<\/style>\n<div  class='flex_column av-8q5nub-088e9916fcc7aa3b0049a770ceefdc62 av_two_third  avia-builder-el-13  el_after_av_one_third  el_before_av_hr  flex_column_div av-zero-column-padding  '     ><section  class='av_textblock_section av-kiushfcd-a72057d78033ea5d2d6610bd7ef307bc '   itemscope=\"itemscope\" itemtype=\"https:\/\/schema.org\/CreativeWork\" ><div class='avia_textblock'  itemprop=\"text\" ><p>Estaciones de L&#8217;Ametlla de Mar, L&#8217;Ampolla, Camarles, L&#8217;Aldea y Tortosa. <strong>M\u00e1s informaci\u00f3n en:<\/strong> <a href=\"http:\/\/www.renfe.es\/\">www.renfe.es<\/a><\/p>\n<\/div><\/section><\/div><div  class='hr av-grnbl-2e6567b7cfa10fc13ec9969650a87a9c hr-default  avia-builder-el-15  el_after_av_two_third  el_before_av_one_third '><span class='hr-inner '><span class=\"hr-inner-style\"><\/span><\/span><\/div><\/p>\n\n<style type=\"text\/css\" data-created_by=\"avia_inline_auto\" id=\"style-css-av-agpgnn-0596620e708b55389c9d9013dd0334e4\">\n.flex_column.av-agpgnn-0596620e708b55389c9d9013dd0334e4{\nborder-radius:0px 0px 0px 0px;\npadding:0px 0px 0px 0px;\n}\n<\/style>\n<div  class='flex_column av-agpgnn-0596620e708b55389c9d9013dd0334e4 av_one_third  avia-builder-el-16  el_after_av_hr  el_before_av_two_third  first flex_column_div av-zero-column-padding  '     ><style type=\"text\/css\" data-created_by=\"avia_inline_auto\" id=\"style-css-av-kivx0gk6-845e99597dede54c5e77df9aea407ba8\">\n#top .av-special-heading.av-kivx0gk6-845e99597dede54c5e77df9aea407ba8{\npadding-bottom:10px;\nfont-size:30px;\n}\nbody .av-special-heading.av-kivx0gk6-845e99597dede54c5e77df9aea407ba8 .av-special-heading-tag .heading-char{\nfont-size:25px;\n}\n#top #wrap_all .av-special-heading.av-kivx0gk6-845e99597dede54c5e77df9aea407ba8 .av-special-heading-tag{\nfont-size:30px;\n}\n.av-special-heading.av-kivx0gk6-845e99597dede54c5e77df9aea407ba8 .av-subheading{\nfont-size:15px;\n}\n\n@media only screen and (min-width: 480px) and (max-width: 767px){ \n#top #wrap_all .av-special-heading.av-kivx0gk6-845e99597dede54c5e77df9aea407ba8 .av-special-heading-tag{\nfont-size:0.8em;\n}\n}\n\n@media only screen and (max-width: 479px){ \n#top #wrap_all .av-special-heading.av-kivx0gk6-845e99597dede54c5e77df9aea407ba8 .av-special-heading-tag{\nfont-size:0.8em;\n}\n}\n<\/style>\n<div  class='av-special-heading av-kivx0gk6-845e99597dede54c5e77df9aea407ba8 av-special-heading-h2 blockquote modern-quote modern-right  avia-builder-el-17  avia-builder-el-no-sibling  av-inherit-size'><h2 class='av-special-heading-tag '  itemprop=\"headline\"  >En bus<\/h2><div class=\"special-heading-border\"><div class=\"special-heading-inner-border\"><\/div><\/div><\/div><\/div>\n\n<style type=\"text\/css\" data-created_by=\"avia_inline_auto\" id=\"style-css-av-8q5nub-088e9916fcc7aa3b0049a770ceefdc62\">\n.flex_column.av-8q5nub-088e9916fcc7aa3b0049a770ceefdc62{\nborder-radius:0px 0px 0px 0px;\npadding:0px 0px 0px 0px;\n}\n<\/style>\n<div  class='flex_column av-8q5nub-088e9916fcc7aa3b0049a770ceefdc62 av_two_third  avia-builder-el-18  el_after_av_one_third  el_before_av_hr  flex_column_div av-zero-column-padding  '     ><section  class='av_textblock_section av-kiushfcd-a72057d78033ea5d2d6610bd7ef307bc '   itemscope=\"itemscope\" itemtype=\"https:\/\/schema.org\/CreativeWork\" ><div class='avia_textblock'  itemprop=\"text\" ><p>Estaci\u00f3n de autobuses de Tortosa, con amplias posibilidades horarias para realizar desplazamientos tanto por las Tierras del Ebro como direcci\u00f3n Barcelona, Valencia, Zaragoza y aeropuerto.<\/p>\n<p><strong>M\u00e1s informaci\u00f3n en:<\/strong> <a href=\"http:\/\/www.hife.es\/\">www.hife.es<\/a><\/p>\n<\/div><\/section><\/div><div  class='hr av-73cqp-fe973fba4fa7e4678103417a4edebe87 hr-default  avia-builder-el-20  el_after_av_two_third  el_before_av_one_third '><span class='hr-inner '><span class=\"hr-inner-style\"><\/span><\/span><\/div><\/p>\n\n<style type=\"text\/css\" data-created_by=\"avia_inline_auto\" id=\"style-css-av-agpgnn-0596620e708b55389c9d9013dd0334e4\">\n.flex_column.av-agpgnn-0596620e708b55389c9d9013dd0334e4{\nborder-radius:0px 0px 0px 0px;\npadding:0px 0px 0px 0px;\n}\n<\/style>\n<div  class='flex_column av-agpgnn-0596620e708b55389c9d9013dd0334e4 av_one_third  avia-builder-el-21  el_after_av_hr  el_before_av_one_third  first flex_column_div av-zero-column-padding  '     ><style type=\"text\/css\" data-created_by=\"avia_inline_auto\" id=\"style-css-av-kivx0gk6-f6da324af74aaada4bf597da20d759ac\">\n#top .av-special-heading.av-kivx0gk6-f6da324af74aaada4bf597da20d759ac{\npadding-bottom:10px;\nfont-size:30px;\n}\nbody .av-special-heading.av-kivx0gk6-f6da324af74aaada4bf597da20d759ac .av-special-heading-tag .heading-char{\nfont-size:25px;\n}\n#top #wrap_all .av-special-heading.av-kivx0gk6-f6da324af74aaada4bf597da20d759ac .av-special-heading-tag{\nfont-size:30px;\n}\n.av-special-heading.av-kivx0gk6-f6da324af74aaada4bf597da20d759ac .av-subheading{\nfont-size:15px;\n}\n\n@media only screen and (min-width: 480px) and (max-width: 767px){ \n#top #wrap_all .av-special-heading.av-kivx0gk6-f6da324af74aaada4bf597da20d759ac .av-special-heading-tag{\nfont-size:0.8em;\n}\n}\n\n@media only screen and (max-width: 479px){ \n#top #wrap_all .av-special-heading.av-kivx0gk6-f6da324af74aaada4bf597da20d759ac .av-special-heading-tag{\nfont-size:0.8em;\n}\n}\n<\/style>\n<div  class='av-special-heading av-kivx0gk6-f6da324af74aaada4bf597da20d759ac av-special-heading-h2 blockquote modern-quote modern-right  avia-builder-el-22  avia-builder-el-no-sibling  av-inherit-size'><h2 class='av-special-heading-tag '  itemprop=\"headline\"  >Por mar<\/h2><div class=\"special-heading-border\"><div class=\"special-heading-inner-border\"><\/div><\/div><\/div><\/div>\n<style type=\"text\/css\" data-created_by=\"avia_inline_auto\" id=\"style-css-av-agpgnn-3eb7d4b06224f19e2b0c53dd4d6bbc3a\">\n.flex_column.av-agpgnn-3eb7d4b06224f19e2b0c53dd4d6bbc3a{\nborder-radius:0px 0px 0px 0px;\npadding:0px 0px 0px 0px;\n}\n<\/style>\n<div  class='flex_column av-agpgnn-3eb7d4b06224f19e2b0c53dd4d6bbc3a av_one_third  avia-builder-el-23  el_after_av_one_third  el_before_av_one_third  flex_column_div av-zero-column-padding  '     ><section  class='av_textblock_section av-kiushfcd-a72057d78033ea5d2d6610bd7ef307bc '   itemscope=\"itemscope\" itemtype=\"https:\/\/schema.org\/CreativeWork\" ><div class='avia_textblock'  itemprop=\"text\" ><p><strong>Club N\u00e1utico de L&#8217;Ametlla de mar<\/strong><\/p>\n<p>Muelle de Poniente. Espig\u00f3n deportivo<\/p>\n<p>Apartado de Correo 104<\/p>\n<p>43860 L&#8217;Ametlla de Mar<\/p>\n<p>Tel: 977 457 240<\/p>\n<p>Fax: 977 457 240<\/p>\n<p><a href=\"http:\/\/www.cnametllamar.com\/\">www.cnametllamar.com<\/a><\/p>\n<p><strong>Puerto de Calafat<\/strong><\/p>\n<p>Puerto Urbanizaci\u00f3n Calafat<\/p>\n<p>43860 L&#8217;Ametlla de Mar<\/p>\n<p>Tel: 977 486 181 \/ 977 486 214<\/p>\n<p>Fax: 977 486 184<\/p>\n<\/div><\/section><\/div>\n<style type=\"text\/css\" data-created_by=\"avia_inline_auto\" id=\"style-css-av-agpgnn-3eb7d4b06224f19e2b0c53dd4d6bbc3a\">\n.flex_column.av-agpgnn-3eb7d4b06224f19e2b0c53dd4d6bbc3a{\nborder-radius:0px 0px 0px 0px;\npadding:0px 0px 0px 0px;\n}\n<\/style>\n<div  class='flex_column av-agpgnn-3eb7d4b06224f19e2b0c53dd4d6bbc3a av_one_third  avia-builder-el-25  el_after_av_one_third  el_before_av_hr  flex_column_div av-zero-column-padding  '     ><section  class='av_textblock_section av-kiushfcd-a72057d78033ea5d2d6610bd7ef307bc '   itemscope=\"itemscope\" itemtype=\"https:\/\/schema.org\/CreativeWork\" ><div class='avia_textblock'  itemprop=\"text\" ><p><strong>Puerto de l&#8217;Ampolla<\/strong><\/p>\n<p>Av. Mar\u00edtima Ramon Pous, s\/n<\/p>\n<p>43895 l&#8217;Ampolla<\/p>\n<p>Tel: 977 460 211<\/p>\n<p>Fax: 977 593 007<\/p>\n<p><strong>Centro Fluvial del Delta<\/strong><\/p>\n<p>C\/. Diputaci\u00f3, s\/n<\/p>\n<p>43580 Deltebre<\/p>\n<p>Tel: 977 489309<\/p>\n<\/div><\/section><\/div><div  class='hr av-73cqp-fe973fba4fa7e4678103417a4edebe87 hr-default  avia-builder-el-27  el_after_av_one_third  el_before_av_one_third '><span class='hr-inner '><span class=\"hr-inner-style\"><\/span><\/span><\/div><\/p>\n\n<style type=\"text\/css\" data-created_by=\"avia_inline_auto\" id=\"style-css-av-agpgnn-0596620e708b55389c9d9013dd0334e4\">\n.flex_column.av-agpgnn-0596620e708b55389c9d9013dd0334e4{\nborder-radius:0px 0px 0px 0px;\npadding:0px 0px 0px 0px;\n}\n<\/style>\n<div  class='flex_column av-agpgnn-0596620e708b55389c9d9013dd0334e4 av_one_third  avia-builder-el-28  el_after_av_hr  el_before_av_two_third  first flex_column_div av-zero-column-padding  '     ><style type=\"text\/css\" data-created_by=\"avia_inline_auto\" id=\"style-css-av-klav7h43-e539a8adaa36ea022ccaf7117f7f5eab\">\n#top .av-special-heading.av-klav7h43-e539a8adaa36ea022ccaf7117f7f5eab{\npadding-bottom:10px;\nfont-size:30px;\n}\nbody .av-special-heading.av-klav7h43-e539a8adaa36ea022ccaf7117f7f5eab .av-special-heading-tag .heading-char{\nfont-size:25px;\n}\n#top #wrap_all .av-special-heading.av-klav7h43-e539a8adaa36ea022ccaf7117f7f5eab .av-special-heading-tag{\nfont-size:30px;\n}\n.av-special-heading.av-klav7h43-e539a8adaa36ea022ccaf7117f7f5eab .av-subheading{\nfont-size:15px;\n}\n\n@media only screen and (min-width: 480px) and (max-width: 767px){ \n#top #wrap_all .av-special-heading.av-klav7h43-e539a8adaa36ea022ccaf7117f7f5eab .av-special-heading-tag{\nfont-size:0.8em;\n}\n}\n\n@media only screen and (max-width: 479px){ \n#top #wrap_all .av-special-heading.av-klav7h43-e539a8adaa36ea022ccaf7117f7f5eab .av-special-heading-tag{\nfont-size:0.8em;\n}\n}\n<\/style>\n<div  class='av-special-heading av-klav7h43-e539a8adaa36ea022ccaf7117f7f5eab av-special-heading-h2 blockquote modern-quote modern-right  avia-builder-el-29  avia-builder-el-no-sibling  av-inherit-size'><h2 class='av-special-heading-tag '  itemprop=\"headline\"  >Mapa del Baix Ebre<\/h2><div class=\"special-heading-border\"><div class=\"special-heading-inner-border\"><\/div><\/div><\/div><\/div>\n\n<style type=\"text\/css\" data-created_by=\"avia_inline_auto\" id=\"style-css-av-agpgnn-3eb7d4b06224f19e2b0c53dd4d6bbc3a\">\n.flex_column.av-agpgnn-3eb7d4b06224f19e2b0c53dd4d6bbc3a{\nborder-radius:0px 0px 0px 0px;\npadding:0px 0px 0px 0px;\n}\n<\/style>\n<div  class='flex_column av-agpgnn-3eb7d4b06224f19e2b0c53dd4d6bbc3a av_two_third  avia-builder-el-30  el_after_av_one_third  avia-builder-el-last  flex_column_div av-zero-column-padding  '     ><style type=\"text\/css\" data-created_by=\"avia_inline_auto\" id=\"style-css-av-klav9zii-0daf554012da2990116cbfb94d78d201\">\n.avia-image-container.av-klav9zii-0daf554012da2990116cbfb94d78d201 img.avia_image{\nbox-shadow:none;\n}\n.avia-image-container.av-klav9zii-0daf554012da2990116cbfb94d78d201 .av-image-caption-overlay-center{\ncolor:#ffffff;\n}\n<\/style>\n<div  class='avia-image-container av-klav9zii-0daf554012da2990116cbfb94d78d201 av-styling- av-img-linked avia-align-center  avia-builder-el-31  avia-builder-el-no-sibling '   itemprop=\"image\" itemscope=\"itemscope\" itemtype=\"https:\/\/schema.org\/ImageObject\" ><div class=\"avia-image-container-inner\"><div class=\"avia-image-overlay-wrap\"><a href=\"https:\/\/goo.gl\/maps\/WMPBBxYnjEsMaCp16\" class='avia_image '  target=\"_blank\"  rel=\"noopener noreferrer\" aria-label='mapa-baix-ebre'><img decoding=\"async\" fetchpriority=\"high\" class='wp-image-5283 avia-img-lazy-loading-not-5283 avia_image ' src=\"https:\/\/turismebaixebre.cat\/wp-content\/uploads\/2021\/02\/mapa-baix-ebre.png\" alt='Mapa del Baix Ebre' title='mapa-baix-ebre'  height=\"708\" width=\"1088\"  itemprop=\"thumbnailUrl\" srcset=\"https:\/\/turismebaixebre.cat\/wp-content\/uploads\/2021\/02\/mapa-baix-ebre.png 1088w, https:\/\/turismebaixebre.cat\/wp-content\/uploads\/2021\/02\/mapa-baix-ebre-300x195.png 300w, https:\/\/turismebaixebre.cat\/wp-content\/uploads\/2021\/02\/mapa-baix-ebre-1030x670.png 1030w, https:\/\/turismebaixebre.cat\/wp-content\/uploads\/2021\/02\/mapa-baix-ebre-768x500.png 768w, https:\/\/turismebaixebre.cat\/wp-content\/uploads\/2021\/02\/mapa-baix-ebre-705x459.png 705w\" sizes=\"(max-width: 1088px) 100vw, 1088px\" \/><\/a><\/div><\/div><\/div><\/div>\n","protected":false},"excerpt":{"rendered":"","protected":false},"author":2,"featured_media":0,"parent":0,"menu_order":0,"comment_status":"closed","ping_status":"closed","template":"","meta":{"footnotes":""},"class_list":["post-5915","page","type-page","status-publish","hentry"],"_links":{"self":[{"href":"https:\/\/turismebaixebre.cat\/es\/wp-json\/wp\/v2\/pages\/5915","targetHints":{"allow":["GET"]}}],"collection":[{"href":"https:\/\/turismebaixebre.cat\/es\/wp-json\/wp\/v2\/pages"}],"about":[{"href":"https:\/\/turismebaixebre.cat\/es\/wp-json\/wp\/v2\/types\/page"}],"author":[{"embeddable":true,"href":"https:\/\/turismebaixebre.cat\/es\/wp-json\/wp\/v2\/users\/2"}],"replies":[{"embeddable":true,"href":"https:\/\/turismebaixebre.cat\/es\/wp-json\/wp\/v2\/comments?post=5915"}],"version-history":[{"count":3,"href":"https:\/\/turismebaixebre.cat\/es\/wp-json\/wp\/v2\/pages\/5915\/revisions"}],"predecessor-version":[{"id":5920,"href":"https:\/\/turismebaixebre.cat\/es\/wp-json\/wp\/v2\/pages\/5915\/revisions\/5920"}],"wp:attachment":[{"href":"https:\/\/turismebaixebre.cat\/es\/wp-json\/wp\/v2\/media?parent=5915"}],"curies":[{"name":"wp","href":"https:\/\/api.w.org\/{rel}","templated":true}]}}