{"id":6488,"date":"2020-12-11T07:09:28","date_gmt":"2020-12-11T07:09:28","guid":{"rendered":"https:\/\/turismebaixebre.cat\/contacta\/"},"modified":"2021-05-04T11:36:11","modified_gmt":"2021-05-04T11:36:11","slug":"contacta","status":"publish","type":"page","link":"https:\/\/turismebaixebre.cat\/es\/contacta\/","title":{"rendered":"Contacta"},"content":{"rendered":"<div  class='av_gmaps_sc_main_wrap av_gmaps_main_wrap '><div id='av_gmap_0' class='avia-google-map-container avia-google-map-sc av_gmaps_show_unconditionally av-no-fallback-img ' data-mapid='av_gmap_0'  style='height: 400px;'><a class=\"av_gmaps_browser_disabled av_text_confirm_link av_text_confirm_link_visible\" href=\"https:\/\/www.google.com\/maps\/search\/?api=1&#038;query=Calle%20Barcelona,%20152%20%20tortosa\" target=\"_blank\">Maps were disabled by the visitor on this site. Click to open the map in a new window.<\/a><\/div><\/div>\n\n<style type=\"text\/css\" data-created_by=\"avia_inline_auto\" id=\"style-css-av-kiuik47f-b5c13f8580a6ba969e5243753985b383\">\n.flex_column.av-kiuik47f-b5c13f8580a6ba969e5243753985b383{\nborder-radius:0px 0px 0px 0px;\npadding:0px 0px 0px 0px;\n}\n<\/style>\n<div  class='flex_column av-kiuik47f-b5c13f8580a6ba969e5243753985b383 av_two_third  avia-builder-el-1  el_after_av_google_map  el_before_av_one_third  avia-builder-el-first  first flex_column_div av-animated-generic right-to-left av-zero-column-padding  '     ><form action=\"https:\/\/turismebaixebre.cat\/es\/contacta\/\" method=\"post\" data-fields-with-error=\"Found errors in the following field(s):\" class=\"avia_ajax_form av-form-labels-visible   avia-builder-el-2  avia-builder-el-no-sibling   \" data-avia-form-id=\"1\" data-avia-redirect='https:\/\/turismebaixebre.cat\/es\/contacta-enviado\/' ><h3 class=''>\u00bfTienes alguna duda?<\/h3><fieldset><p class='  first_form  form_element form_element_half' id='element_avia_1_1'><label for=\"avia_1_1\">Nombre <abbr class=\"required\" title=\"requerido\">*<\/abbr><\/label> <input name=\"avia_1_1\" class=\"text_input is_empty\" type=\"text\" id=\"avia_1_1\" value=\"\" \/><\/p><p class='  form_element form_element_half' id='element_avia_2_1'><label for=\"avia_2_1\">Apellidos <abbr class=\"required\" title=\"requerido\">*<\/abbr><\/label> <input name=\"avia_2_1\" class=\"text_input is_empty\" type=\"text\" id=\"avia_2_1\" value=\"\" \/><\/p><p class='  first_form  form_element form_element_two_third' id='element_avia_3_1'><label for=\"avia_3_1\">Email <abbr class=\"required\" title=\"requerido\">*<\/abbr><\/label> <input name=\"avia_3_1\" class=\"text_input is_email\" type=\"text\" id=\"avia_3_1\" value=\"\" \/><\/p><p class='  form_element form_element_third' id='element_avia_4_1'><label for=\"avia_4_1\">Tel\u00e9fono <abbr class=\"required\" title=\"requerido\">*<\/abbr><\/label> <input name=\"avia_4_1\" class=\"text_input is_empty\" type=\"text\" id=\"avia_4_1\" value=\"\" \/><\/p><p class='  first_form  form_element form_fullwidth' id='element_avia_5_1'><label for=\"avia_5_1\" class=\"textare_label hidden textare_label_avia_5_1\">Consulta <abbr class=\"required\" title=\"requerido\">*<\/abbr><\/label><textarea  name=\"avia_5_1\" class=\"text_area is_empty\" cols=\"40\" rows=\"7\" id=\"avia_5_1\" ><\/textarea><\/p><div id='avia_6_1' class='av-form-text'><p>\n<strong>INFORMACI\u00d3N B\u00c1SICA SOBRE PROTECCI\u00d3N DE DATOS<\/strong><br \/>\n<strong>Responsable<\/strong>: CONSELL COMARCAL DEL BAIX EBRE <strong>Finalidad<\/strong>: Prestar los servicios solicitados, mantener comunicaciones para la consecuci\u00f3n de estos y mantenerle informado sobre nuestra actividad en general.\u00a0<strong>Legitimaci\u00f3n<\/strong>: Ejecuci\u00f3n de un contrato. Consentimiento del interesado.\u00a0<strong>Destinatarios<\/strong>: No se ceder\u00e1n datos a terceros, salvo obligaci\u00f3n legal.\u00a0<strong>Derechos<\/strong>: Tiene derecho a acceder, rectificar y suprimir los datos, as\u00ed como otros derechos indicados en la informaci\u00f3n adicional, que puede ejercer dirigi\u00e9ndose a la direcci\u00f3n\u00a0<a href=\"mailto:info@baixebre.cat\">info@baixebre.cat<\/a> <strong>Informaci\u00f3n adicional<\/strong>: Puede consultar la informaci\u00f3n adicional en el siguiente enlace\u00a0<a href=\"https:\/\/turismebaixebre.cat\/es\/politica-de-privacidad\/\" target=\"_blank\" rel=\"noopener\">Pol\u00edtica de Privacidad<\/a>.<\/p>\n<\/div><p class='  first_form  form_element form_fullwidth' id='element_avia_7_1'><input  name=\"avia_7_1\" class=\"input_checkbox is_empty\" type=\"checkbox\" id=\"avia_7_1\" value=\"true\"\/><label class=\"input_checkbox_label\" for=\"avia_7_1\">Para continuar, usted tiene que aceptar que ha le\u00eddo y esta conforme con la cl\u00e1usula anterior. <abbr class=\"required\" title=\"requerido\">*<\/abbr><\/label><\/p><div id='avia_8_1' class='av-form-text'><p>\n[bws_google_captcha]<\/p>\n<\/div><p class=\"hidden\"><input type=\"text\" name=\"avia_9_1\" class=\"hidden \" id=\"avia_9_1\" value=\"\" \/><\/p><p class=\"form_element \"><input type=\"hidden\" value=\"1\" name=\"avia_generated_form1\" \/><input type=\"submit\" value=\"Enviar\" class=\"button\"  data-sending-label=\"Enviando\"\/><\/p><\/fieldset><\/form><div id=\"ajaxresponse_1\" class=\"ajaxresponse ajaxresponse_1 hidden\"><\/div><\/div>\n<style type=\"text\/css\" data-created_by=\"avia_inline_auto\" id=\"style-css-av-kiuic4d3-f94f9b8e5c5921f9b344179872c8e4af\">\n.flex_column.av-kiuic4d3-f94f9b8e5c5921f9b344179872c8e4af{\nborder-radius:0px 0px 0px 0px;\npadding:0px 0px 0px 0px;\n}\n<\/style>\n<div  class='flex_column av-kiuic4d3-f94f9b8e5c5921f9b344179872c8e4af av_one_third  avia-builder-el-3  el_after_av_two_third  avia-builder-el-last  flex_column_div av-animated-generic left-to-right av-zero-column-padding  '     ><p>\n<style type=\"text\/css\" data-created_by=\"avia_inline_auto\" id=\"style-css-av-kiuobrqt-ec3864446864532434415310db84a84b\">\n#top .av-special-heading.av-kiuobrqt-ec3864446864532434415310db84a84b{\npadding-bottom:10px;\n}\nbody .av-special-heading.av-kiuobrqt-ec3864446864532434415310db84a84b .av-special-heading-tag .heading-char{\nfont-size:25px;\n}\n.av-special-heading.av-kiuobrqt-ec3864446864532434415310db84a84b .av-subheading{\nfont-size:15px;\n}\n<\/style>\n<div  class='av-special-heading av-kiuobrqt-ec3864446864532434415310db84a84b av-special-heading-h1 blockquote modern-quote  avia-builder-el-4  el_before_av_textblock  avia-builder-el-first '><h1 class='av-special-heading-tag '  itemprop=\"headline\"  >Contacta<\/h1><div class=\"special-heading-border\"><div class=\"special-heading-inner-border\"><\/div><\/div><\/div><br \/>\n<section  class='av_textblock_section av-kiuhyudq-762b43bc722d87db606178afc57e9144 '   itemscope=\"itemscope\" itemtype=\"https:\/\/schema.org\/CreativeWork\" ><div class='avia_textblock'  itemprop=\"text\" ><p><strong>Consell Comarcal del Baix Ebre<\/strong><\/p>\n<p>C. Barcelona, 152<\/p>\n<p>43500 Tortosa<\/p>\n<p>Tel: 977445308<\/p>\n<p><a href=\"mailto:turisme@baixebre.cat\">turisme@baixebre.cat<\/a><\/p>\n<\/div><\/section><\/p><\/div><\/p>\n","protected":false},"excerpt":{"rendered":"<p>This is a Page excerpt. It will be displayed for search results<\/p>\n","protected":false},"author":2,"featured_media":0,"parent":0,"menu_order":0,"comment_status":"closed","ping_status":"closed","template":"","meta":{"footnotes":""},"class_list":["post-6488","page","type-page","status-publish","hentry"],"_links":{"self":[{"href":"https:\/\/turismebaixebre.cat\/es\/wp-json\/wp\/v2\/pages\/6488","targetHints":{"allow":["GET"]}}],"collection":[{"href":"https:\/\/turismebaixebre.cat\/es\/wp-json\/wp\/v2\/pages"}],"about":[{"href":"https:\/\/turismebaixebre.cat\/es\/wp-json\/wp\/v2\/types\/page"}],"author":[{"embeddable":true,"href":"https:\/\/turismebaixebre.cat\/es\/wp-json\/wp\/v2\/users\/2"}],"replies":[{"embeddable":true,"href":"https:\/\/turismebaixebre.cat\/es\/wp-json\/wp\/v2\/comments?post=6488"}],"version-history":[{"count":10,"href":"https:\/\/turismebaixebre.cat\/es\/wp-json\/wp\/v2\/pages\/6488\/revisions"}],"predecessor-version":[{"id":8531,"href":"https:\/\/turismebaixebre.cat\/es\/wp-json\/wp\/v2\/pages\/6488\/revisions\/8531"}],"wp:attachment":[{"href":"https:\/\/turismebaixebre.cat\/es\/wp-json\/wp\/v2\/media?parent=6488"}],"curies":[{"name":"wp","href":"https:\/\/api.w.org\/{rel}","templated":true}]}}