{"id":8153,"date":"2020-12-19T16:31:57","date_gmt":"2020-12-19T16:31:57","guid":{"rendered":"https:\/\/turismebaixebre.cat\/com-arribar\/"},"modified":"2021-04-20T13:24:34","modified_gmt":"2021-04-20T13:24:34","slug":"comment-sy-rendre","status":"publish","type":"page","link":"https:\/\/turismebaixebre.cat\/fr\/comment-sy-rendre\/","title":{"rendered":"Comment s\u2019y rendre"},"content":{"rendered":"<div id='full_slider_1'  class='avia-fullwidth-slider main_color avia-shadow   avia-builder-el-0  el_before_av_one_third  avia-builder-el-first   container_wrap sidebar_right'  >\n<style type=\"text\/css\" data-created_by=\"avia_inline_auto\" id=\"style-css-av-kijycxmu-8a28fefbd08904195e78fb48939b5519\">\n#top #wrap_all .avia-slideshow .av-slideshow-caption.av-kijycxmu-8a28fefbd08904195e78fb48939b5519__0 .avia-caption-title{\nfont-size:48px;\ncolor:#ffffff;\n}\n<\/style>\n<div  class='avia-slideshow av-kijycxmu-8a28fefbd08904195e78fb48939b5519 avia-slideshow-no scaling av_slideshow_full avia-slide-slider av-slideshow-ui av-control-default av-slideshow-manual av-loop-once av-loop-manual-endless av-default-height-applied   avia-slideshow-1' data-slideshow-options=\"{&quot;animation&quot;:&quot;slide&quot;,&quot;autoplay&quot;:false,&quot;loop_autoplay&quot;:&quot;once&quot;,&quot;interval&quot;:5,&quot;loop_manual&quot;:&quot;manual-endless&quot;,&quot;autoplay_stopper&quot;:false,&quot;noNavigation&quot;:false,&quot;bg_slider&quot;:false,&quot;keep_padding&quot;:false,&quot;hoverpause&quot;:false,&quot;show_slide_delay&quot;:0}\"  itemprop=\"image\" itemscope=\"itemscope\" itemtype=\"https:\/\/schema.org\/ImageObject\" ><ul class='avia-slideshow-inner ' style='padding-bottom: 16.684045881126%;'><li  class='avia-slideshow-slide av-kijycxmu-8a28fefbd08904195e78fb48939b5519__0  av-single-slide slide-1 slide-odd'><div data-rel='slideshow-1' class='avia-slide-wrap '   ><div class='av-slideshow-caption av-kijycxmu-8a28fefbd08904195e78fb48939b5519__0 caption_fullwidth caption_bottom'><div class=\"container caption_container\"><div class=\"slideshow_caption\"><div class=\"slideshow_inner_caption\"><div class=\"slideshow_align_caption\"><h1 class='avia-caption-title '  itemprop=\"name\" >COMMENT S\u2019Y RENDRE<\/h1><\/div><\/div><\/div><\/div><\/div><img decoding=\"async\" fetchpriority=\"high\" class=\"wp-image-8154 avia-img-lazy-loading-not-8154\"  src=\"https:\/\/turismebaixebre.cat\/wp-content\/uploads\/2021\/01\/com-arribar.jpg\" width=\"1918\" height=\"320\" title='com-arribar' alt=''  itemprop=\"thumbnailUrl\" srcset=\"https:\/\/turismebaixebre.cat\/wp-content\/uploads\/2021\/01\/com-arribar.jpg 1918w, https:\/\/turismebaixebre.cat\/wp-content\/uploads\/2021\/01\/com-arribar-300x50.jpg 300w, https:\/\/turismebaixebre.cat\/wp-content\/uploads\/2021\/01\/com-arribar-1030x172.jpg 1030w, https:\/\/turismebaixebre.cat\/wp-content\/uploads\/2021\/01\/com-arribar-768x128.jpg 768w, https:\/\/turismebaixebre.cat\/wp-content\/uploads\/2021\/01\/com-arribar-1536x256.jpg 1536w, https:\/\/turismebaixebre.cat\/wp-content\/uploads\/2021\/01\/com-arribar-1500x250.jpg 1500w, https:\/\/turismebaixebre.cat\/wp-content\/uploads\/2021\/01\/com-arribar-705x118.jpg 705w\" sizes=\"(max-width: 1918px) 100vw, 1918px\" \/><\/div><\/li><\/ul><\/div><\/div><div id='after_full_slider_1'  class='main_color av_default_container_wrap container_wrap sidebar_right'  ><div class='container av-section-cont-open' ><div class='template-page content  av-content-small alpha units'><div class='post-entry post-entry-type-page post-entry-8153'><div class='entry-content-wrapper clearfix'>\n\n<style type=\"text\/css\" data-created_by=\"avia_inline_auto\" id=\"style-css-av-agpgnn-0596620e708b55389c9d9013dd0334e4\">\n.flex_column.av-agpgnn-0596620e708b55389c9d9013dd0334e4{\nborder-radius:0px 0px 0px 0px;\npadding:0px 0px 0px 0px;\n}\n<\/style>\n<div  class='flex_column av-agpgnn-0596620e708b55389c9d9013dd0334e4 av_one_third  avia-builder-el-1  el_after_av_slideshow_full  el_before_av_two_third  avia-builder-el-first  first flex_column_div av-zero-column-padding  '     ><style type=\"text\/css\" data-created_by=\"avia_inline_auto\" id=\"style-css-av-kivx0gk6-589746a386a397a1c32cc91f760fcb8b\">\n#top .av-special-heading.av-kivx0gk6-589746a386a397a1c32cc91f760fcb8b{\npadding-bottom:10px;\nfont-size:30px;\n}\nbody .av-special-heading.av-kivx0gk6-589746a386a397a1c32cc91f760fcb8b .av-special-heading-tag .heading-char{\nfont-size:25px;\n}\n#top #wrap_all .av-special-heading.av-kivx0gk6-589746a386a397a1c32cc91f760fcb8b .av-special-heading-tag{\nfont-size:30px;\n}\n.av-special-heading.av-kivx0gk6-589746a386a397a1c32cc91f760fcb8b .av-subheading{\nfont-size:15px;\n}\n\n@media only screen and (min-width: 480px) and (max-width: 767px){ \n#top #wrap_all .av-special-heading.av-kivx0gk6-589746a386a397a1c32cc91f760fcb8b .av-special-heading-tag{\nfont-size:0.8em;\n}\n}\n\n@media only screen and (max-width: 479px){ \n#top #wrap_all .av-special-heading.av-kivx0gk6-589746a386a397a1c32cc91f760fcb8b .av-special-heading-tag{\nfont-size:0.8em;\n}\n}\n<\/style>\n<div  class='av-special-heading av-kivx0gk6-589746a386a397a1c32cc91f760fcb8b av-special-heading-h2 blockquote modern-quote modern-right  avia-builder-el-2  avia-builder-el-no-sibling  av-inherit-size'><h2 class='av-special-heading-tag '  itemprop=\"headline\"  >Par route<\/h2><div class=\"special-heading-border\"><div class=\"special-heading-inner-border\"><\/div><\/div><\/div><\/div>\n<style type=\"text\/css\" data-created_by=\"avia_inline_auto\" id=\"style-css-av-8q5nub-088e9916fcc7aa3b0049a770ceefdc62\">\n.flex_column.av-8q5nub-088e9916fcc7aa3b0049a770ceefdc62{\nborder-radius:0px 0px 0px 0px;\npadding:0px 0px 0px 0px;\n}\n<\/style>\n<div  class='flex_column av-8q5nub-088e9916fcc7aa3b0049a770ceefdc62 av_two_third  avia-builder-el-3  el_after_av_one_third  el_before_av_hr  flex_column_div av-zero-column-padding  '     ><section  class='av_textblock_section av-kiushfcd-a72057d78033ea5d2d6610bd7ef307bc '   itemscope=\"itemscope\" itemtype=\"https:\/\/schema.org\/CreativeWork\" ><div class='avia_textblock'  itemprop=\"text\" ><p>Le Baix Ebre est une r\u00e9gion \u00e0 la confluence de la Catalogne, de la Communaut\u00e9 de Valencia et de l\u2019Aragon.<\/p>\n<p>La zone c\u00f4ti\u00e8re est desservie par l&rsquo;<a href=\"http:\/\/ca.wikipedia.org\/wiki\/Autopista_del_Mediterrani\">autoroute de la M\u00e9diterran\u00e9e <\/a><a href=\"http:\/\/ca.wikipedia.org\/wiki\/Autopista_del_Mediterrani\"><strong>AP-7<\/strong><\/a>, par l&rsquo;<strong>A7<\/strong> et par la <a href=\"http:\/\/es.wikipedia.org\/wiki\/N-340\">route <\/a><a href=\"http:\/\/es.wikipedia.org\/wiki\/N-340\"><strong>N-340<\/strong><\/a>, les axes de communication entre la France et le Sud de la p\u00e9ninsule Ib\u00e9rique.<\/p>\n<p>La route <strong>C-12<\/strong> fait communiquer la Catalogne, l\u2019Aragon et la France en passant dans la r\u00e9gion plus montagneuse. La route <strong>C-42<\/strong> permet quant \u00e0 elle de rejoindre les montagnes depuis la c\u00f4te.<\/p>\n<\/div><\/section><\/div><div  class='hr av-71pb81-449e0edd08888f7cded1dc2ae8af373c hr-default  avia-builder-el-5  el_after_av_two_third  el_before_av_one_third '><span class='hr-inner '><span class=\"hr-inner-style\"><\/span><\/span><\/div><\/p>\n\n<style type=\"text\/css\" data-created_by=\"avia_inline_auto\" id=\"style-css-av-agpgnn-0596620e708b55389c9d9013dd0334e4\">\n.flex_column.av-agpgnn-0596620e708b55389c9d9013dd0334e4{\nborder-radius:0px 0px 0px 0px;\npadding:0px 0px 0px 0px;\n}\n<\/style>\n<div  class='flex_column av-agpgnn-0596620e708b55389c9d9013dd0334e4 av_one_third  avia-builder-el-6  el_after_av_hr  el_before_av_two_third  first flex_column_div av-zero-column-padding  '     ><style type=\"text\/css\" data-created_by=\"avia_inline_auto\" id=\"style-css-av-kivx0gk6-c9f964e75816f04fa24ec4216cd439f3\">\n#top .av-special-heading.av-kivx0gk6-c9f964e75816f04fa24ec4216cd439f3{\npadding-bottom:10px;\nfont-size:30px;\n}\nbody .av-special-heading.av-kivx0gk6-c9f964e75816f04fa24ec4216cd439f3 .av-special-heading-tag .heading-char{\nfont-size:25px;\n}\n#top #wrap_all .av-special-heading.av-kivx0gk6-c9f964e75816f04fa24ec4216cd439f3 .av-special-heading-tag{\nfont-size:30px;\n}\n.av-special-heading.av-kivx0gk6-c9f964e75816f04fa24ec4216cd439f3 .av-subheading{\nfont-size:15px;\n}\n\n@media only screen and (min-width: 480px) and (max-width: 767px){ \n#top #wrap_all .av-special-heading.av-kivx0gk6-c9f964e75816f04fa24ec4216cd439f3 .av-special-heading-tag{\nfont-size:0.8em;\n}\n}\n\n@media only screen and (max-width: 479px){ \n#top #wrap_all .av-special-heading.av-kivx0gk6-c9f964e75816f04fa24ec4216cd439f3 .av-special-heading-tag{\nfont-size:0.8em;\n}\n}\n<\/style>\n<div  class='av-special-heading av-kivx0gk6-c9f964e75816f04fa24ec4216cd439f3 av-special-heading-h2 blockquote modern-quote modern-right  avia-builder-el-7  avia-builder-el-no-sibling  av-inherit-size'><h2 class='av-special-heading-tag '  itemprop=\"headline\"  >En avion<\/h2><div class=\"special-heading-border\"><div class=\"special-heading-inner-border\"><\/div><\/div><\/div><\/div>\n<style type=\"text\/css\" data-created_by=\"avia_inline_auto\" id=\"style-css-av-8q5nub-088e9916fcc7aa3b0049a770ceefdc62\">\n.flex_column.av-8q5nub-088e9916fcc7aa3b0049a770ceefdc62{\nborder-radius:0px 0px 0px 0px;\npadding:0px 0px 0px 0px;\n}\n<\/style>\n<div  class='flex_column av-8q5nub-088e9916fcc7aa3b0049a770ceefdc62 av_two_third  avia-builder-el-8  el_after_av_one_third  el_before_av_hr  flex_column_div av-zero-column-padding  '     ><section  class='av_textblock_section av-kiushfcd-a72057d78033ea5d2d6610bd7ef307bc '   itemscope=\"itemscope\" itemtype=\"https:\/\/schema.org\/CreativeWork\" ><div class='avia_textblock'  itemprop=\"text\" ><p>A\u00e9roports les plus proches de Tortosa :<\/p>\n<ul>\n<li><strong>Barcelone:<\/strong> 165 Km<\/li>\n<li><strong>Valencia:<\/strong> 180 Km<\/li>\n<li><strong>Saragosse:<\/strong> 184 Km<\/li>\n<li><strong>Reus:<\/strong> 80 Km<\/li>\n<\/ul>\n<\/div><\/section><\/div><div  class='hr av-5ddght-d08fcdb758c5fe56feaa4298dd2001c5 hr-default  avia-builder-el-10  el_after_av_two_third  el_before_av_one_third '><span class='hr-inner '><span class=\"hr-inner-style\"><\/span><\/span><\/div><\/p>\n\n<style type=\"text\/css\" data-created_by=\"avia_inline_auto\" id=\"style-css-av-agpgnn-0596620e708b55389c9d9013dd0334e4\">\n.flex_column.av-agpgnn-0596620e708b55389c9d9013dd0334e4{\nborder-radius:0px 0px 0px 0px;\npadding:0px 0px 0px 0px;\n}\n<\/style>\n<div  class='flex_column av-agpgnn-0596620e708b55389c9d9013dd0334e4 av_one_third  avia-builder-el-11  el_after_av_hr  el_before_av_two_third  first flex_column_div av-zero-column-padding  '     ><style type=\"text\/css\" data-created_by=\"avia_inline_auto\" id=\"style-css-av-kivx0gk6-0e33ecd0cbfa18a72bb8500ac83941a8\">\n#top .av-special-heading.av-kivx0gk6-0e33ecd0cbfa18a72bb8500ac83941a8{\npadding-bottom:10px;\nfont-size:30px;\n}\nbody .av-special-heading.av-kivx0gk6-0e33ecd0cbfa18a72bb8500ac83941a8 .av-special-heading-tag .heading-char{\nfont-size:25px;\n}\n#top #wrap_all .av-special-heading.av-kivx0gk6-0e33ecd0cbfa18a72bb8500ac83941a8 .av-special-heading-tag{\nfont-size:30px;\n}\n.av-special-heading.av-kivx0gk6-0e33ecd0cbfa18a72bb8500ac83941a8 .av-subheading{\nfont-size:15px;\n}\n\n@media only screen and (min-width: 480px) and (max-width: 767px){ \n#top #wrap_all .av-special-heading.av-kivx0gk6-0e33ecd0cbfa18a72bb8500ac83941a8 .av-special-heading-tag{\nfont-size:0.8em;\n}\n}\n\n@media only screen and (max-width: 479px){ \n#top #wrap_all .av-special-heading.av-kivx0gk6-0e33ecd0cbfa18a72bb8500ac83941a8 .av-special-heading-tag{\nfont-size:0.8em;\n}\n}\n<\/style>\n<div  class='av-special-heading av-kivx0gk6-0e33ecd0cbfa18a72bb8500ac83941a8 av-special-heading-h2 blockquote modern-quote modern-right  avia-builder-el-12  avia-builder-el-no-sibling  av-inherit-size'><h2 class='av-special-heading-tag '  itemprop=\"headline\"  >En train<\/h2><div class=\"special-heading-border\"><div class=\"special-heading-inner-border\"><\/div><\/div><\/div><\/div>\n<style type=\"text\/css\" data-created_by=\"avia_inline_auto\" id=\"style-css-av-8q5nub-088e9916fcc7aa3b0049a770ceefdc62\">\n.flex_column.av-8q5nub-088e9916fcc7aa3b0049a770ceefdc62{\nborder-radius:0px 0px 0px 0px;\npadding:0px 0px 0px 0px;\n}\n<\/style>\n<div  class='flex_column av-8q5nub-088e9916fcc7aa3b0049a770ceefdc62 av_two_third  avia-builder-el-13  el_after_av_one_third  el_before_av_hr  flex_column_div av-zero-column-padding  '     ><section  class='av_textblock_section av-kiushfcd-a72057d78033ea5d2d6610bd7ef307bc '   itemscope=\"itemscope\" itemtype=\"https:\/\/schema.org\/CreativeWork\" ><div class='avia_textblock'  itemprop=\"text\" ><p>Gares de L\u2019Ametlla de Mar, de L\u2019Ampolla, de Camarles, de L\u2019Aldea et de Tortosa. <strong>Pour en savoir plus :<\/strong> <a href=\"http:\/\/www.renfe.es\/\">www.renfe.es<\/a><\/p>\n<\/div><\/section><\/div><div  class='hr av-grnbl-2e6567b7cfa10fc13ec9969650a87a9c hr-default  avia-builder-el-15  el_after_av_two_third  el_before_av_one_third '><span class='hr-inner '><span class=\"hr-inner-style\"><\/span><\/span><\/div><\/p>\n\n<style type=\"text\/css\" data-created_by=\"avia_inline_auto\" id=\"style-css-av-agpgnn-0596620e708b55389c9d9013dd0334e4\">\n.flex_column.av-agpgnn-0596620e708b55389c9d9013dd0334e4{\nborder-radius:0px 0px 0px 0px;\npadding:0px 0px 0px 0px;\n}\n<\/style>\n<div  class='flex_column av-agpgnn-0596620e708b55389c9d9013dd0334e4 av_one_third  avia-builder-el-16  el_after_av_hr  el_before_av_two_third  first flex_column_div av-zero-column-padding  '     ><style type=\"text\/css\" data-created_by=\"avia_inline_auto\" id=\"style-css-av-kivx0gk6-845e99597dede54c5e77df9aea407ba8\">\n#top .av-special-heading.av-kivx0gk6-845e99597dede54c5e77df9aea407ba8{\npadding-bottom:10px;\nfont-size:30px;\n}\nbody .av-special-heading.av-kivx0gk6-845e99597dede54c5e77df9aea407ba8 .av-special-heading-tag .heading-char{\nfont-size:25px;\n}\n#top #wrap_all .av-special-heading.av-kivx0gk6-845e99597dede54c5e77df9aea407ba8 .av-special-heading-tag{\nfont-size:30px;\n}\n.av-special-heading.av-kivx0gk6-845e99597dede54c5e77df9aea407ba8 .av-subheading{\nfont-size:15px;\n}\n\n@media only screen and (min-width: 480px) and (max-width: 767px){ \n#top #wrap_all .av-special-heading.av-kivx0gk6-845e99597dede54c5e77df9aea407ba8 .av-special-heading-tag{\nfont-size:0.8em;\n}\n}\n\n@media only screen and (max-width: 479px){ \n#top #wrap_all .av-special-heading.av-kivx0gk6-845e99597dede54c5e77df9aea407ba8 .av-special-heading-tag{\nfont-size:0.8em;\n}\n}\n<\/style>\n<div  class='av-special-heading av-kivx0gk6-845e99597dede54c5e77df9aea407ba8 av-special-heading-h2 blockquote modern-quote modern-right  avia-builder-el-17  avia-builder-el-no-sibling  av-inherit-size'><h2 class='av-special-heading-tag '  itemprop=\"headline\"  >En bus<\/h2><div class=\"special-heading-border\"><div class=\"special-heading-inner-border\"><\/div><\/div><\/div><\/div>\n\n<style type=\"text\/css\" data-created_by=\"avia_inline_auto\" id=\"style-css-av-8q5nub-088e9916fcc7aa3b0049a770ceefdc62\">\n.flex_column.av-8q5nub-088e9916fcc7aa3b0049a770ceefdc62{\nborder-radius:0px 0px 0px 0px;\npadding:0px 0px 0px 0px;\n}\n<\/style>\n<div  class='flex_column av-8q5nub-088e9916fcc7aa3b0049a770ceefdc62 av_two_third  avia-builder-el-18  el_after_av_one_third  el_before_av_hr  flex_column_div av-zero-column-padding  '     ><section  class='av_textblock_section av-kiushfcd-a72057d78033ea5d2d6610bd7ef307bc '   itemscope=\"itemscope\" itemtype=\"https:\/\/schema.org\/CreativeWork\" ><div class='avia_textblock'  itemprop=\"text\" ><p>Gare routi\u00e8re de Tortosa, avec de nombreux horaires disponibles pour rejoindre les Terres de l\u2019\u00c8bre ou Barcelone, Valencia, Saragosse et les a\u00e9roports.<\/p>\n<p><strong>Pour en savoir plus :<\/strong> <a href=\"http:\/\/www.hife.es\/\">www.hife.es<\/a><\/p>\n<\/div><\/section><\/div><div  class='hr av-73cqp-fe973fba4fa7e4678103417a4edebe87 hr-default  avia-builder-el-20  el_after_av_two_third  el_before_av_one_third '><span class='hr-inner '><span class=\"hr-inner-style\"><\/span><\/span><\/div><\/p>\n\n<style type=\"text\/css\" data-created_by=\"avia_inline_auto\" id=\"style-css-av-agpgnn-0596620e708b55389c9d9013dd0334e4\">\n.flex_column.av-agpgnn-0596620e708b55389c9d9013dd0334e4{\nborder-radius:0px 0px 0px 0px;\npadding:0px 0px 0px 0px;\n}\n<\/style>\n<div  class='flex_column av-agpgnn-0596620e708b55389c9d9013dd0334e4 av_one_third  avia-builder-el-21  el_after_av_hr  el_before_av_one_third  first flex_column_div av-zero-column-padding  '     ><style type=\"text\/css\" data-created_by=\"avia_inline_auto\" id=\"style-css-av-kivx0gk6-5054ed3efea41a95ea047c7eed045d0f\">\n#top .av-special-heading.av-kivx0gk6-5054ed3efea41a95ea047c7eed045d0f{\npadding-bottom:10px;\nfont-size:30px;\n}\nbody .av-special-heading.av-kivx0gk6-5054ed3efea41a95ea047c7eed045d0f .av-special-heading-tag .heading-char{\nfont-size:25px;\n}\n#top #wrap_all .av-special-heading.av-kivx0gk6-5054ed3efea41a95ea047c7eed045d0f .av-special-heading-tag{\nfont-size:30px;\n}\n.av-special-heading.av-kivx0gk6-5054ed3efea41a95ea047c7eed045d0f .av-subheading{\nfont-size:15px;\n}\n\n@media only screen and (min-width: 480px) and (max-width: 767px){ \n#top #wrap_all .av-special-heading.av-kivx0gk6-5054ed3efea41a95ea047c7eed045d0f .av-special-heading-tag{\nfont-size:0.8em;\n}\n}\n\n@media only screen and (max-width: 479px){ \n#top #wrap_all .av-special-heading.av-kivx0gk6-5054ed3efea41a95ea047c7eed045d0f .av-special-heading-tag{\nfont-size:0.8em;\n}\n}\n<\/style>\n<div  class='av-special-heading av-kivx0gk6-5054ed3efea41a95ea047c7eed045d0f av-special-heading-h2 blockquote modern-quote modern-right  avia-builder-el-22  avia-builder-el-no-sibling  av-inherit-size'><h2 class='av-special-heading-tag '  itemprop=\"headline\"  >Par mer<\/h2><div class=\"special-heading-border\"><div class=\"special-heading-inner-border\"><\/div><\/div><\/div><\/div>\n<style type=\"text\/css\" data-created_by=\"avia_inline_auto\" id=\"style-css-av-agpgnn-3eb7d4b06224f19e2b0c53dd4d6bbc3a\">\n.flex_column.av-agpgnn-3eb7d4b06224f19e2b0c53dd4d6bbc3a{\nborder-radius:0px 0px 0px 0px;\npadding:0px 0px 0px 0px;\n}\n<\/style>\n<div  class='flex_column av-agpgnn-3eb7d4b06224f19e2b0c53dd4d6bbc3a av_one_third  avia-builder-el-23  el_after_av_one_third  el_before_av_one_third  flex_column_div av-zero-column-padding  '     ><section  class='av_textblock_section av-kiushfcd-a72057d78033ea5d2d6610bd7ef307bc '   itemscope=\"itemscope\" itemtype=\"https:\/\/schema.org\/CreativeWork\" ><div class='avia_textblock'  itemprop=\"text\" ><p><strong>Club Nautique de L&rsquo;Ametlla de mar<\/strong><\/p>\n<p>Moll de Ponent. Espig\u00f3 esportiu<\/p>\n<p>Apartat de Correu 104<\/p>\n<p>43860 L&rsquo;Ametlla de Mar<\/p>\n<p>Tel: 977 457 240<\/p>\n<p>Fax: 977 457 240<\/p>\n<p><a href=\"http:\/\/www.cnametllamar.com\/\">www.cnametllamar.com<\/a><\/p>\n<p><strong>Port de Calafat<\/strong><\/p>\n<p>Port Urbanitzaci\u00f3 Calafat<\/p>\n<p>43860 L&rsquo;Ametlla de Mar<\/p>\n<p>Tel: 977 486 181 \/ 977 486 214<\/p>\n<p>Fax: 977 486 184<\/p>\n<\/div><\/section><\/div>\n<style type=\"text\/css\" data-created_by=\"avia_inline_auto\" id=\"style-css-av-agpgnn-3eb7d4b06224f19e2b0c53dd4d6bbc3a\">\n.flex_column.av-agpgnn-3eb7d4b06224f19e2b0c53dd4d6bbc3a{\nborder-radius:0px 0px 0px 0px;\npadding:0px 0px 0px 0px;\n}\n<\/style>\n<div  class='flex_column av-agpgnn-3eb7d4b06224f19e2b0c53dd4d6bbc3a av_one_third  avia-builder-el-25  el_after_av_one_third  el_before_av_hr  flex_column_div av-zero-column-padding  '     ><section  class='av_textblock_section av-kiushfcd-a72057d78033ea5d2d6610bd7ef307bc '   itemscope=\"itemscope\" itemtype=\"https:\/\/schema.org\/CreativeWork\" ><div class='avia_textblock'  itemprop=\"text\" ><p><strong>Port de l&rsquo;Ampolla<\/strong><\/p>\n<p>Av. Mar\u00edtima Ramon Pous, s\/n<\/p>\n<p>43895 l&rsquo;Ampolla<\/p>\n<p>Tel: 977 460 211<\/p>\n<p>Fax: 977 593 007<\/p>\n<p><strong>Centre Fluvial du Delta<\/strong><\/p>\n<p>C\/. Diputaci\u00f3, s\/n<\/p>\n<p>43580 Deltebre<\/p>\n<p>Tel: 977 489309<\/p>\n<\/div><\/section><\/div><div  class='hr av-73cqp-fe973fba4fa7e4678103417a4edebe87 hr-default  avia-builder-el-27  el_after_av_one_third  el_before_av_one_third '><span class='hr-inner '><span class=\"hr-inner-style\"><\/span><\/span><\/div><\/p>\n\n<style type=\"text\/css\" data-created_by=\"avia_inline_auto\" id=\"style-css-av-agpgnn-0596620e708b55389c9d9013dd0334e4\">\n.flex_column.av-agpgnn-0596620e708b55389c9d9013dd0334e4{\nborder-radius:0px 0px 0px 0px;\npadding:0px 0px 0px 0px;\n}\n<\/style>\n<div  class='flex_column av-agpgnn-0596620e708b55389c9d9013dd0334e4 av_one_third  avia-builder-el-28  el_after_av_hr  el_before_av_two_third  first flex_column_div av-zero-column-padding  '     ><style type=\"text\/css\" data-created_by=\"avia_inline_auto\" id=\"style-css-av-klav7h43-96f03ba72fd9d43750c2ede9624bb3a8\">\n#top .av-special-heading.av-klav7h43-96f03ba72fd9d43750c2ede9624bb3a8{\npadding-bottom:10px;\nfont-size:30px;\n}\nbody .av-special-heading.av-klav7h43-96f03ba72fd9d43750c2ede9624bb3a8 .av-special-heading-tag .heading-char{\nfont-size:25px;\n}\n#top #wrap_all .av-special-heading.av-klav7h43-96f03ba72fd9d43750c2ede9624bb3a8 .av-special-heading-tag{\nfont-size:30px;\n}\n.av-special-heading.av-klav7h43-96f03ba72fd9d43750c2ede9624bb3a8 .av-subheading{\nfont-size:15px;\n}\n\n@media only screen and (min-width: 480px) and (max-width: 767px){ \n#top #wrap_all .av-special-heading.av-klav7h43-96f03ba72fd9d43750c2ede9624bb3a8 .av-special-heading-tag{\nfont-size:0.8em;\n}\n}\n\n@media only screen and (max-width: 479px){ \n#top #wrap_all .av-special-heading.av-klav7h43-96f03ba72fd9d43750c2ede9624bb3a8 .av-special-heading-tag{\nfont-size:0.8em;\n}\n}\n<\/style>\n<div  class='av-special-heading av-klav7h43-96f03ba72fd9d43750c2ede9624bb3a8 av-special-heading-h2 blockquote modern-quote modern-right  avia-builder-el-29  avia-builder-el-no-sibling  av-inherit-size'><h2 class='av-special-heading-tag '  itemprop=\"headline\"  >Carte du Baix Ebre<\/h2><div class=\"special-heading-border\"><div class=\"special-heading-inner-border\"><\/div><\/div><\/div><\/div>\n<style type=\"text\/css\" data-created_by=\"avia_inline_auto\" id=\"style-css-av-agpgnn-3eb7d4b06224f19e2b0c53dd4d6bbc3a\">\n.flex_column.av-agpgnn-3eb7d4b06224f19e2b0c53dd4d6bbc3a{\nborder-radius:0px 0px 0px 0px;\npadding:0px 0px 0px 0px;\n}\n<\/style>\n<div  class='flex_column av-agpgnn-3eb7d4b06224f19e2b0c53dd4d6bbc3a av_two_third  avia-builder-el-30  el_after_av_one_third  avia-builder-el-last  flex_column_div av-zero-column-padding  '     ><style type=\"text\/css\" data-created_by=\"avia_inline_auto\" id=\"style-css-av-klav9zii-0daf554012da2990116cbfb94d78d201\">\n.avia-image-container.av-klav9zii-0daf554012da2990116cbfb94d78d201 img.avia_image{\nbox-shadow:none;\n}\n.avia-image-container.av-klav9zii-0daf554012da2990116cbfb94d78d201 .av-image-caption-overlay-center{\ncolor:#ffffff;\n}\n<\/style>\n<div  class='avia-image-container av-klav9zii-0daf554012da2990116cbfb94d78d201 av-styling- av-img-linked avia-align-center  avia-builder-el-31  avia-builder-el-no-sibling '   itemprop=\"image\" itemscope=\"itemscope\" itemtype=\"https:\/\/schema.org\/ImageObject\" ><div class=\"avia-image-container-inner\"><div class=\"avia-image-overlay-wrap\"><a href=\"https:\/\/goo.gl\/maps\/WMPBBxYnjEsMaCp16\" class='avia_image '  target=\"_blank\"  rel=\"noopener noreferrer\" aria-label='mapa-baix-ebre'><img decoding=\"async\" fetchpriority=\"high\" class='wp-image-5283 avia-img-lazy-loading-not-5283 avia_image ' src=\"https:\/\/turismebaixebre.cat\/wp-content\/uploads\/2021\/02\/mapa-baix-ebre.png\" alt='Mapa del Baix Ebre' title='mapa-baix-ebre'  height=\"708\" width=\"1088\"  itemprop=\"thumbnailUrl\" srcset=\"https:\/\/turismebaixebre.cat\/wp-content\/uploads\/2021\/02\/mapa-baix-ebre.png 1088w, https:\/\/turismebaixebre.cat\/wp-content\/uploads\/2021\/02\/mapa-baix-ebre-300x195.png 300w, https:\/\/turismebaixebre.cat\/wp-content\/uploads\/2021\/02\/mapa-baix-ebre-1030x670.png 1030w, https:\/\/turismebaixebre.cat\/wp-content\/uploads\/2021\/02\/mapa-baix-ebre-768x500.png 768w, https:\/\/turismebaixebre.cat\/wp-content\/uploads\/2021\/02\/mapa-baix-ebre-705x459.png 705w\" sizes=\"(max-width: 1088px) 100vw, 1088px\" \/><\/a><\/div><\/div><\/div><\/div><\/p>\n","protected":false},"excerpt":{"rendered":"","protected":false},"author":2,"featured_media":0,"parent":0,"menu_order":0,"comment_status":"closed","ping_status":"closed","template":"","meta":{"footnotes":""},"class_list":["post-8153","page","type-page","status-publish","hentry"],"_links":{"self":[{"href":"https:\/\/turismebaixebre.cat\/fr\/wp-json\/wp\/v2\/pages\/8153","targetHints":{"allow":["GET"]}}],"collection":[{"href":"https:\/\/turismebaixebre.cat\/fr\/wp-json\/wp\/v2\/pages"}],"about":[{"href":"https:\/\/turismebaixebre.cat\/fr\/wp-json\/wp\/v2\/types\/page"}],"author":[{"embeddable":true,"href":"https:\/\/turismebaixebre.cat\/fr\/wp-json\/wp\/v2\/users\/2"}],"replies":[{"embeddable":true,"href":"https:\/\/turismebaixebre.cat\/fr\/wp-json\/wp\/v2\/comments?post=8153"}],"version-history":[{"count":2,"href":"https:\/\/turismebaixebre.cat\/fr\/wp-json\/wp\/v2\/pages\/8153\/revisions"}],"predecessor-version":[{"id":8157,"href":"https:\/\/turismebaixebre.cat\/fr\/wp-json\/wp\/v2\/pages\/8153\/revisions\/8157"}],"wp:attachment":[{"href":"https:\/\/turismebaixebre.cat\/fr\/wp-json\/wp\/v2\/media?parent=8153"}],"curies":[{"name":"wp","href":"https:\/\/api.w.org\/{rel}","templated":true}]}}